{"id":17,"date":"2025-02-11T17:12:14","date_gmt":"2025-02-11T17:12:14","guid":{"rendered":"https:\/\/www.patteny.cz\/?page_id=17"},"modified":"2025-02-11T22:26:57","modified_gmt":"2025-02-11T22:26:57","slug":"domu","status":"publish","type":"page","link":"https:\/\/www.patteny.cz\/","title":{"rendered":"O spole\u010dnosti"},"content":{"rendered":"\n<p>Firma Patteny s.r.o. se zab\u00fdv\u00e1 slu\u017ebami v\u00a0oblasti\u00a0v\u00fdkupu a prodeji n\u00e1kladn\u00edch vozidel, techniky a nad\u00e1le logistiky v n\u00e1kladn\u00ed doprav\u011b, spedice a skladov\u00e1n\u00ed. Servis n\u00e1kladn\u00edch vozidel, spr\u00e1va vozov\u00e9ho parku. <\/p>\n\n\n\n<p>Individu\u00e1ln\u00ed n\u00e1kup a dovoz vozidel v zahrani\u010d\u00ed, p\u0159\u00edpadn\u011b \u010cesk\u00e9 Republice.<\/p>\n\n\n\n<figure class=\"wp-block-image size-large is-resized\"><img loading=\"lazy\" decoding=\"async\" width=\"1024\" height=\"768\" src=\"https:\/\/www.patteny.cz\/wp-content\/uploads\/2025\/02\/IMG_9176-4-1024x768.jpg\" alt=\"\" class=\"wp-image-75\" style=\"width:310px;height:auto\" srcset=\"https:\/\/www.patteny.cz\/wp-content\/uploads\/2025\/02\/IMG_9176-4-1024x768.jpg 1024w, https:\/\/www.patteny.cz\/wp-content\/uploads\/2025\/02\/IMG_9176-4-300x225.jpg 300w, https:\/\/www.patteny.cz\/wp-content\/uploads\/2025\/02\/IMG_9176-4-768x576.jpg 768w, https:\/\/www.patteny.cz\/wp-content\/uploads\/2025\/02\/IMG_9176-4-1536x1152.jpg 1536w, https:\/\/www.patteny.cz\/wp-content\/uploads\/2025\/02\/IMG_9176-4-2048x1536.jpg 2048w\" sizes=\"auto, (max-width: 1024px) 100vw, 1024px\" \/><\/figure>\n\n\n\n<figure class=\"wp-block-image size-large is-resized\"><img loading=\"lazy\" decoding=\"async\" width=\"1024\" height=\"768\" src=\"https:\/\/www.patteny.cz\/wp-content\/uploads\/2025\/02\/IMG_1669-3-1024x768.jpg\" alt=\"\" class=\"wp-image-76\" style=\"width:309px;height:auto\" srcset=\"https:\/\/www.patteny.cz\/wp-content\/uploads\/2025\/02\/IMG_1669-3-1024x768.jpg 1024w, https:\/\/www.patteny.cz\/wp-content\/uploads\/2025\/02\/IMG_1669-3-300x225.jpg 300w, https:\/\/www.patteny.cz\/wp-content\/uploads\/2025\/02\/IMG_1669-3-768x576.jpg 768w, https:\/\/www.patteny.cz\/wp-content\/uploads\/2025\/02\/IMG_1669-3-1536x1152.jpg 1536w, https:\/\/www.patteny.cz\/wp-content\/uploads\/2025\/02\/IMG_1669-3-2048x1536.jpg 2048w\" sizes=\"auto, (max-width: 1024px) 100vw, 1024px\" \/><\/figure>\n\n\n\n<figure class=\"wp-block-image size-large is-resized\"><img loading=\"lazy\" decoding=\"async\" width=\"1024\" height=\"768\" src=\"https:\/\/www.patteny.cz\/wp-content\/uploads\/2025\/02\/IMG_4202-1024x768.jpg\" alt=\"\" class=\"wp-image-78\" style=\"width:310px;height:auto\" srcset=\"https:\/\/www.patteny.cz\/wp-content\/uploads\/2025\/02\/IMG_4202-1024x768.jpg 1024w, https:\/\/www.patteny.cz\/wp-content\/uploads\/2025\/02\/IMG_4202-300x225.jpg 300w, https:\/\/www.patteny.cz\/wp-content\/uploads\/2025\/02\/IMG_4202-768x576.jpg 768w, https:\/\/www.patteny.cz\/wp-content\/uploads\/2025\/02\/IMG_4202-1536x1152.jpg 1536w, https:\/\/www.patteny.cz\/wp-content\/uploads\/2025\/02\/IMG_4202-2048x1536.jpg 2048w\" sizes=\"auto, (max-width: 1024px) 100vw, 1024px\" \/><\/figure>\n","protected":false},"excerpt":{"rendered":"<p>Firma Patteny s.r.o. se zab\u00fdv\u00e1 slu\u017ebami v\u00a0oblasti\u00a0v\u00fdkupu a prodeji n\u00e1kladn\u00edch vozidel, techniky a nad\u00e1le logistiky v n\u00e1kladn\u00ed doprav\u011b, spedice a skladov\u00e1n\u00ed. Servis n\u00e1kladn\u00edch vozidel, spr\u00e1va vozov\u00e9ho parku. Individu\u00e1ln\u00ed n\u00e1kup a dovoz vozidel v zahrani\u010d\u00ed, p\u0159\u00edpadn\u011b \u010cesk\u00e9 Republice.<\/p>\n","protected":false},"author":1,"featured_media":0,"parent":0,"menu_order":0,"comment_status":"closed","ping_status":"closed","template":"","meta":{"footnotes":""},"class_list":["post-17","page","type-page","status-publish","hentry"],"_links":{"self":[{"href":"https:\/\/www.patteny.cz\/index.php?rest_route=\/wp\/v2\/pages\/17","targetHints":{"allow":["GET"]}}],"collection":[{"href":"https:\/\/www.patteny.cz\/index.php?rest_route=\/wp\/v2\/pages"}],"about":[{"href":"https:\/\/www.patteny.cz\/index.php?rest_route=\/wp\/v2\/types\/page"}],"author":[{"embeddable":true,"href":"https:\/\/www.patteny.cz\/index.php?rest_route=\/wp\/v2\/users\/1"}],"replies":[{"embeddable":true,"href":"https:\/\/www.patteny.cz\/index.php?rest_route=%2Fwp%2Fv2%2Fcomments&post=17"}],"version-history":[{"count":9,"href":"https:\/\/www.patteny.cz\/index.php?rest_route=\/wp\/v2\/pages\/17\/revisions"}],"predecessor-version":[{"id":79,"href":"https:\/\/www.patteny.cz\/index.php?rest_route=\/wp\/v2\/pages\/17\/revisions\/79"}],"wp:attachment":[{"href":"https:\/\/www.patteny.cz\/index.php?rest_route=%2Fwp%2Fv2%2Fmedia&parent=17"}],"curies":[{"name":"wp","href":"https:\/\/api.w.org\/{rel}","templated":true}]}}